{"id":15,"date":"2019-04-08T11:50:59","date_gmt":"2019-04-08T11:50:59","guid":{"rendered":"http:\/\/Anhaengercenter-spandau.de\/?page_id=15"},"modified":"2019-11-04T19:52:59","modified_gmt":"2019-11-04T19:52:59","slug":"service","status":"publish","type":"page","link":"https:\/\/anhaengercenter-spandau.de\/?page_id=15","title":{"rendered":"Service"},"content":{"rendered":"<h1><\/h1>\n<p>Unsere Werkstatt erledigt f\u00fcr Sie schnell und zuverl\u00e4ssig alle Arbeiten an Anh\u00e4ngern.<\/p>\n<ul>\n<li>Reparaturen aller Fabrikate<\/li>\n<li>Umbau auf Tempo 100<\/li>\n<li>Ersatzteilservice + Zubeh\u00f6r<\/li>\n<li>Sonderumbauten<\/li>\n<li>HU Abnahme f\u00fcr Anh\u00e4nger<\/li>\n<\/ul>\n<p>&nbsp;<\/p>\n","protected":false},"excerpt":{"rendered":"<p>Unsere Werkstatt erledigt f\u00fcr Sie schnell und zuverl\u00e4ssig alle Arbeiten an Anh\u00e4ngern. Reparaturen aller Fabrikate Umbau auf Tempo 100 Ersatzteilservice + Zubeh\u00f6r Sonderumbauten HU Abnahme f\u00fcr Anh\u00e4nger &nbsp;<\/p>\n<p> <a class=\"continue-reading-link\" href=\"https:\/\/anhaengercenter-spandau.de\/?page_id=15\"><span>Continue reading<\/span><i class=\"crycon-right-dir\"><\/i><\/a> <\/p>\n","protected":false},"author":1,"featured_media":0,"parent":0,"menu_order":1,"comment_status":"closed","ping_status":"closed","template":"","meta":{"footnotes":""},"class_list":["post-15","page","type-page","status-publish","hentry"],"_links":{"self":[{"href":"https:\/\/anhaengercenter-spandau.de\/index.php?rest_route=\/wp\/v2\/pages\/15","targetHints":{"allow":["GET"]}}],"collection":[{"href":"https:\/\/anhaengercenter-spandau.de\/index.php?rest_route=\/wp\/v2\/pages"}],"about":[{"href":"https:\/\/anhaengercenter-spandau.de\/index.php?rest_route=\/wp\/v2\/types\/page"}],"author":[{"embeddable":true,"href":"https:\/\/anhaengercenter-spandau.de\/index.php?rest_route=\/wp\/v2\/users\/1"}],"replies":[{"embeddable":true,"href":"https:\/\/anhaengercenter-spandau.de\/index.php?rest_route=%2Fwp%2Fv2%2Fcomments&post=15"}],"version-history":[{"count":7,"href":"https:\/\/anhaengercenter-spandau.de\/index.php?rest_route=\/wp\/v2\/pages\/15\/revisions"}],"predecessor-version":[{"id":158,"href":"https:\/\/anhaengercenter-spandau.de\/index.php?rest_route=\/wp\/v2\/pages\/15\/revisions\/158"}],"wp:attachment":[{"href":"https:\/\/anhaengercenter-spandau.de\/index.php?rest_route=%2Fwp%2Fv2%2Fmedia&parent=15"}],"curies":[{"name":"wp","href":"https:\/\/api.w.org\/{rel}","templated":true}]}}