{"id":17,"date":"2019-04-08T11:50:22","date_gmt":"2019-04-08T11:50:22","guid":{"rendered":"http:\/\/Anhaengercenter-spandau.de\/?page_id=17"},"modified":"2019-11-04T14:00:34","modified_gmt":"2019-11-04T14:00:34","slug":"kontakt","status":"publish","type":"page","link":"https:\/\/anhaengercenter-spandau.de\/?page_id=17","title":{"rendered":"Kontakt"},"content":{"rendered":"<h1>Wo Sie uns finden<\/h1>\n<p><strong>Gesch\u00e4ftszeiten:<\/strong><br \/>\nM\u00e4rz bis Oktober<br \/>\nMo. &#8211; Fr. : 8:00 h &#8211; 18:00 h<br \/>\nSa. : 9:00 h &#8211; 16:00 h<\/p>\n<p><strong>November bis Februar<\/strong><br \/>\n<strong>Mo. &#8211; Fr. : 8:00 h &#8211; 17:00 h<\/strong><br \/>\n<strong>Sa. : 9:00 h &#8211; 16:00 h<\/strong><\/p>\n<p>Brunsb\u00fctteler Damm 206<br \/>\n13581 Berlin<\/p>\n<p>Tel. : 030 332 85 75<br \/>\nFax : 030 332 14 15<\/p>\n<p><strong>Bitte beachten Sie, dass wir keine Online-reservierung anbieten.<\/strong><br \/>\n<strong>Unsere Anh\u00e4nger k\u00f6nnen Sie ausschlie\u00dflich telefonisch oder pers\u00f6nlich reservieren lassen.<\/strong><\/p>\n","protected":false},"excerpt":{"rendered":"<p>Wo Sie uns finden Gesch\u00e4ftszeiten: M\u00e4rz bis Oktober Mo. &#8211; Fr. : 8:00 h &#8211; 18:00 h Sa. : 9:00 h &#8211; 16:00 h November bis Februar Mo. &#8211; Fr. : 8:00 h &#8211; 17:00 h Sa. : 9:00 h &#8211; 16:00 h Brunsb\u00fctteler Damm 206 13581 Berlin Tel. :&#8230;<\/p>\n<p> <a class=\"continue-reading-link\" href=\"https:\/\/anhaengercenter-spandau.de\/?page_id=17\"><span>Continue reading<\/span><i class=\"crycon-right-dir\"><\/i><\/a> <\/p>\n","protected":false},"author":1,"featured_media":0,"parent":0,"menu_order":0,"comment_status":"closed","ping_status":"closed","template":"","meta":{"footnotes":""},"class_list":["post-17","page","type-page","status-publish","hentry"],"_links":{"self":[{"href":"https:\/\/anhaengercenter-spandau.de\/index.php?rest_route=\/wp\/v2\/pages\/17","targetHints":{"allow":["GET"]}}],"collection":[{"href":"https:\/\/anhaengercenter-spandau.de\/index.php?rest_route=\/wp\/v2\/pages"}],"about":[{"href":"https:\/\/anhaengercenter-spandau.de\/index.php?rest_route=\/wp\/v2\/types\/page"}],"author":[{"embeddable":true,"href":"https:\/\/anhaengercenter-spandau.de\/index.php?rest_route=\/wp\/v2\/users\/1"}],"replies":[{"embeddable":true,"href":"https:\/\/anhaengercenter-spandau.de\/index.php?rest_route=%2Fwp%2Fv2%2Fcomments&post=17"}],"version-history":[{"count":5,"href":"https:\/\/anhaengercenter-spandau.de\/index.php?rest_route=\/wp\/v2\/pages\/17\/revisions"}],"predecessor-version":[{"id":107,"href":"https:\/\/anhaengercenter-spandau.de\/index.php?rest_route=\/wp\/v2\/pages\/17\/revisions\/107"}],"wp:attachment":[{"href":"https:\/\/anhaengercenter-spandau.de\/index.php?rest_route=%2Fwp%2Fv2%2Fmedia&parent=17"}],"curies":[{"name":"wp","href":"https:\/\/api.w.org\/{rel}","templated":true}]}}