{"id":6,"date":"2019-04-08T11:51:20","date_gmt":"2019-04-08T11:51:20","guid":{"rendered":"http:\/\/Anhaengercenter-spandau.de\/?page_id=6"},"modified":"2021-07-19T08:48:33","modified_gmt":"2021-07-19T08:48:33","slug":"vermietung","status":"publish","type":"page","link":"https:\/\/anhaengercenter-spandau.de\/?page_id=6","title":{"rendered":"Vermietung"},"content":{"rendered":"<p>Bei uns erhalten Sie Qualit\u00e4t zu fairen Preisen. In der Vermietung haben wir \u00fcber 50 verschiedene Pkw- Anh\u00e4nger. Damit Sie bei dieser Vielzahl den richtigen Anh\u00e4nger finden, steht am Anfang jedes Auftrages eine individuelle Beratung. Schlie\u00dflich haben die unterschiedlichen Anh\u00e4nger unterschiedliche Eigenschaften, Vor- und Nachteile bez\u00fcgl. Ladung, Bremsen und Nutzlast.<\/p>\n<p style=\"text-align: center;\">\n<p><b>Rufen Sie uns an, wir beraten Sie gern.<\/b><\/p>\n<ul>\n<li><a href=\"http:\/\/Anhaengercenter-spandau.de\/?page_id=40\">Planenanh\u00e4nger<\/a><\/li>\n<li><a href=\"http:\/\/Anhaengercenter-spandau.de\/?page_id=40\">Offene Kastenanh\u00e4nger<\/a><\/li>\n<li><a href=\"http:\/\/Anhaengercenter-spandau.de\/?page_id=40\">Bauschuttanh\u00e4nger<\/a><\/li>\n<li><a href=\"http:\/\/Anhaengercenter-spandau.de\/?page_id=40\">Autotrailer<\/a><\/li>\n<li><a href=\"http:\/\/Anhaengercenter-spandau.de\/?page_id=40\">Motorradtransporter<\/a><\/li>\n<li><a href=\"http:\/\/Anhaengercenter-spandau.de\/?page_id=40\">Kofferanh\u00e4nger<\/a><\/li>\n<\/ul>\n<h2><a name=\"1875569d28103bf2a\"><\/a>Tarife<\/h2>\n<ul>\n<li>Tagestarif: 24 Stunden ab Abholung ausser Samstags<\/li>\n<li>Wochenende = Freitag 15:00 h bis Montag 8:00 h<\/li>\n<li>Woche: 7 Tage mieten= 5 Tage bezahlen<\/li>\n<\/ul>\n<p><strong>Liebe Kunden,<\/strong><br \/>\n<strong>bitte beachten Sie folgende Dinge:<\/strong><br \/>\n&#8211; bei Mietbeginn ist ein g\u00fcliger Ausweis sowie F\u00fchrerschein vorzulegen<br \/>\n&#8211; Fahrten ins Ausland sind immer vor Mietbeginn anzumelden und bedarf der vorherigen Genehmigung des Vermieters<br \/>\n&#8211; der Mietpreis sowie eventueller Kaution ist vor Mietbeginn in Bar zu entrichten<br \/>\n&#8211; Die Anh\u00e4ngerabholung sowie -R\u00fcckgabe sind nur w\u00e4hrend der \u00d6ffnungszeiten m\u00f6glich<\/p>\n<p><strong>Wichtig: Bitte achten Sie darauf, ob Sie mit Ihrem F\u00fchrerschein Ihren gew\u00fcnschten Anh\u00e4nger fahren d\u00fcrfen<\/strong><\/p>\n<p>&nbsp;<\/p>\n","protected":false},"excerpt":{"rendered":"<p>Bei uns erhalten Sie Qualit\u00e4t zu fairen Preisen. In der Vermietung haben wir \u00fcber 50 verschiedene Pkw- Anh\u00e4nger. Damit Sie bei dieser Vielzahl den richtigen Anh\u00e4nger finden, steht am Anfang jedes Auftrages eine individuelle Beratung. Schlie\u00dflich haben die unterschiedlichen Anh\u00e4nger unterschiedliche Eigenschaften, Vor- und Nachteile bez\u00fcgl. Ladung, Bremsen und Nutzlast&#8230;.<\/p>\n<p> <a class=\"continue-reading-link\" href=\"https:\/\/anhaengercenter-spandau.de\/?page_id=6\"><span>Continue reading<\/span><i class=\"crycon-right-dir\"><\/i><\/a> <\/p>\n","protected":false},"author":1,"featured_media":0,"parent":0,"menu_order":0,"comment_status":"closed","ping_status":"closed","template":"","meta":{"footnotes":""},"class_list":["post-6","page","type-page","status-publish","hentry"],"_links":{"self":[{"href":"https:\/\/anhaengercenter-spandau.de\/index.php?rest_route=\/wp\/v2\/pages\/6","targetHints":{"allow":["GET"]}}],"collection":[{"href":"https:\/\/anhaengercenter-spandau.de\/index.php?rest_route=\/wp\/v2\/pages"}],"about":[{"href":"https:\/\/anhaengercenter-spandau.de\/index.php?rest_route=\/wp\/v2\/types\/page"}],"author":[{"embeddable":true,"href":"https:\/\/anhaengercenter-spandau.de\/index.php?rest_route=\/wp\/v2\/users\/1"}],"replies":[{"embeddable":true,"href":"https:\/\/anhaengercenter-spandau.de\/index.php?rest_route=%2Fwp%2Fv2%2Fcomments&post=6"}],"version-history":[{"count":15,"href":"https:\/\/anhaengercenter-spandau.de\/index.php?rest_route=\/wp\/v2\/pages\/6\/revisions"}],"predecessor-version":[{"id":300,"href":"https:\/\/anhaengercenter-spandau.de\/index.php?rest_route=\/wp\/v2\/pages\/6\/revisions\/300"}],"wp:attachment":[{"href":"https:\/\/anhaengercenter-spandau.de\/index.php?rest_route=%2Fwp%2Fv2%2Fmedia&parent=6"}],"curies":[{"name":"wp","href":"https:\/\/api.w.org\/{rel}","templated":true}]}}