{"id":8,"date":"2019-04-08T11:51:10","date_gmt":"2019-04-08T11:51:10","guid":{"rendered":"http:\/\/Anhaengercenter-spandau.de\/?page_id=8"},"modified":"2023-03-22T21:12:01","modified_gmt":"2023-03-22T21:12:01","slug":"verkauf","status":"publish","type":"page","link":"https:\/\/anhaengercenter-spandau.de\/?page_id=8","title":{"rendered":"Verkauf"},"content":{"rendered":"<h5 style=\"text-align: center;\">Unser H\u00e4ndlerprogramm umfasst in erster Linie Anh\u00e4nger des Herstellers KOCH, au\u00dferdem von Blyss, Eduard, Saris, Pongratz, Agados, Anssems und Cheval. Auf \u00fcber 2.000 m\u00b2 bieten wir st\u00e4ndig eine gro\u00dfe Auswahl von neuen und gebrauchten PKW-Anh\u00e4ngern an. Bei uns erhalten Sie nicht nur eine freundliche und kompetente Beratung beim Kauf oder Anmietung eines Anh\u00e4ngers, sondern auch das passende Zubeh\u00f6r sowie Ersatzteile<strong>. <\/strong>Bei der Wahl des richtigen Anh\u00e4ngers beraten wir Sie gern, \u00fcberzeugen Sie sich selbst von unserem Angebot.<\/h5>\n<h2 style=\"text-align: center;\"><a href=\"https:\/\/home.mobile.de\/ANHAENGERCENTERSPANDAUKARINKURTHHINGST#ses_277678347\" target=\"_blank\" rel=\"noopener noreferrer\">Unsere Angebot auf mobile.de<\/a><\/h2>\n<p>&nbsp;<\/p>\n<p style=\"text-align: center;\">Eine gro\u00dfe Auswahl an Fahrzeugen, kann jederzeit w\u00e4hrend unserer \u00d6ffnungszeiten besichtigt werden. Bei Fragen stehen wir Ihnen gern zur Verf\u00fcgung.<\/p>\n<p style=\"text-align: center;\">Irret\u00fcmer und Zwischerverk\u00e4ufe vorbehalten.<\/p>\n<p>&nbsp;<\/p>\n<p>&nbsp;<\/p>\n<p>&nbsp;<\/p>\n<p>&nbsp;<\/p>\n<p>&nbsp;<\/p>\n<table class=\"cells\" style=\"height: 1048px;\" width=\"175\" cellspacing=\"2\" cellpadding=\"2\">\n<tbody>\n<tr>\n<td class=\"cell\" align=\"left\" valign=\"top\" width=\"50%\"><\/td>\n<td class=\"cell\" align=\"left\" valign=\"top\" width=\"50%\"><\/td>\n<\/tr>\n<tr>\n<td class=\"cell\" align=\"left\" valign=\"top\" width=\"50%\"><\/td>\n<td class=\"cell\" align=\"left\" valign=\"top\" width=\"50%\"><\/td>\n<\/tr>\n<tr>\n<td class=\"cell\" align=\"left\" valign=\"top\" width=\"50%\"><\/td>\n<td class=\"cell\" align=\"left\" valign=\"top\" width=\"50%\"><\/td>\n<\/tr>\n<tr>\n<td class=\"cell\" align=\"left\" valign=\"top\" width=\"50%\"><\/td>\n<td class=\"cell\" align=\"left\" valign=\"top\" width=\"50%\"><\/td>\n<\/tr>\n<tr>\n<td class=\"cell\" align=\"left\" valign=\"top\" width=\"50%\"><\/td>\n<td class=\"cell\" align=\"left\" valign=\"top\" width=\"50%\"><\/td>\n<\/tr>\n<tr>\n<td class=\"cell\" align=\"left\" valign=\"top\" width=\"50%\"><\/td>\n<td class=\"cell\" align=\"left\" valign=\"top\" width=\"50%\"><\/td>\n<\/tr>\n<\/tbody>\n<\/table>\n","protected":false},"excerpt":{"rendered":"<p>Unser H\u00e4ndlerprogramm umfasst in erster Linie Anh\u00e4nger des Herstellers KOCH, au\u00dferdem von Blyss, Eduard, Saris, Pongratz, Agados, Anssems und Cheval. Auf \u00fcber 2.000 m\u00b2 bieten wir st\u00e4ndig eine gro\u00dfe Auswahl von neuen und gebrauchten PKW-Anh\u00e4ngern an. Bei uns erhalten Sie nicht nur eine freundliche und kompetente Beratung beim Kauf oder&#8230;<\/p>\n<p> <a class=\"continue-reading-link\" href=\"https:\/\/anhaengercenter-spandau.de\/?page_id=8\"><span>Continue reading<\/span><i class=\"crycon-right-dir\"><\/i><\/a> <\/p>\n","protected":false},"author":1,"featured_media":0,"parent":0,"menu_order":0,"comment_status":"closed","ping_status":"closed","template":"","meta":{"footnotes":""},"class_list":["post-8","page","type-page","status-publish","hentry"],"_links":{"self":[{"href":"https:\/\/anhaengercenter-spandau.de\/index.php?rest_route=\/wp\/v2\/pages\/8","targetHints":{"allow":["GET"]}}],"collection":[{"href":"https:\/\/anhaengercenter-spandau.de\/index.php?rest_route=\/wp\/v2\/pages"}],"about":[{"href":"https:\/\/anhaengercenter-spandau.de\/index.php?rest_route=\/wp\/v2\/types\/page"}],"author":[{"embeddable":true,"href":"https:\/\/anhaengercenter-spandau.de\/index.php?rest_route=\/wp\/v2\/users\/1"}],"replies":[{"embeddable":true,"href":"https:\/\/anhaengercenter-spandau.de\/index.php?rest_route=%2Fwp%2Fv2%2Fcomments&post=8"}],"version-history":[{"count":21,"href":"https:\/\/anhaengercenter-spandau.de\/index.php?rest_route=\/wp\/v2\/pages\/8\/revisions"}],"predecessor-version":[{"id":326,"href":"https:\/\/anhaengercenter-spandau.de\/index.php?rest_route=\/wp\/v2\/pages\/8\/revisions\/326"}],"wp:attachment":[{"href":"https:\/\/anhaengercenter-spandau.de\/index.php?rest_route=%2Fwp%2Fv2%2Fmedia&parent=8"}],"curies":[{"name":"wp","href":"https:\/\/api.w.org\/{rel}","templated":true}]}}